{"id":11,"date":"2014-10-15T22:47:45","date_gmt":"2014-10-15T20:47:45","guid":{"rendered":"http:\/\/co85.bendernet.de\/?page_id=11"},"modified":"2025-11-09T11:11:22","modified_gmt":"2025-11-09T10:11:22","slug":"schuelerliste","status":"publish","type":"page","link":"http:\/\/co85.bendernet.de\/?page_id=11","title":{"rendered":"Sch\u00fclerliste"},"content":{"rendered":"<table border=\"0\" width=\"100%\" cellspacing=\"0\" cellpadding=\"4\">\n<tbody>\n<tr bgcolor=\"#3660aa\">\n<td class=\"rowheader\" align=\"left\" valign=\"top\"><span style=\"color: #ffffff;\">Name<\/span><\/td>\n<td class=\"rowheader\" align=\"left\" valign=\"top\"><span style=\"color: #ffffff;\">Status<\/span><\/td>\n<td class=\"rowheader\" align=\"left\" valign=\"top\">&nbsp;<\/td>\n<\/tr>\n<tr bgcolor=\"#ffffff\">\n<td class=\"cell\" align=\"left\" valign=\"top\">Adler, Steffen<\/td>\n<td class=\"cell\" align=\"left\" valign=\"top\">keine aktuelle eMail Adresse<\/td>\n<td class=\"cell\" align=\"left\" valign=\"top\">&nbsp;<\/td>\n<td class=\"cell\" align=\"left\" valign=\"top\">&nbsp;<\/td>\n<\/tr>\n<tr bgcolor=\"#c2cce0\">\n<td class=\"cell\" align=\"left\" valign=\"top\">Bender, Marc<\/td>\n<td class=\"cell\" align=\"left\" valign=\"top\">&nbsp;<\/td>\n<td class=\"cell\" align=\"left\" valign=\"top\">&nbsp;<\/td>\n<td class=\"cell\" align=\"left\" valign=\"top\">&nbsp;<\/td>\n<\/tr>\n<tr bgcolor=\"#ffffff\">\n<td class=\"cell\" align=\"left\" valign=\"top\">Busch, Jutta<br \/>\n(verh. G\u00f6rges)<\/td>\n<td class=\"cell\" align=\"left\" valign=\"top\">&nbsp;<\/td>\n<td class=\"cell\" align=\"left\" valign=\"top\">&nbsp;<\/td>\n<td class=\"cell\" align=\"left\" valign=\"top\">&nbsp;<\/td>\n<\/tr>\n<tr bgcolor=\"#c2cce0\">\n<td class=\"cell\" align=\"left\" valign=\"top\">Butz, Natalie<br \/>\n(verh. Thurn)<\/td>\n<td class=\"cell\" align=\"left\" valign=\"top\">&nbsp;<\/td>\n<td class=\"cell\" align=\"left\" valign=\"top\">&nbsp;<\/td>\n<td class=\"cell\" align=\"left\" valign=\"top\">&nbsp;<\/td>\n<\/tr>\n<tr bgcolor=\"#ffffff\">\n<td class=\"cell\" align=\"left\" valign=\"top\">Cibis, Christoph<\/td>\n<td class=\"cell\" align=\"left\" valign=\"top\">&nbsp;<\/td>\n<td class=\"cell\" align=\"left\" valign=\"top\">&nbsp;<\/td>\n<td class=\"cell\" align=\"left\" valign=\"top\">&nbsp;<\/td>\n<\/tr>\n<tr bgcolor=\"#c2cce0\">\n<td class=\"cell\" align=\"left\" valign=\"top\">Dirks, Anke<br \/>\n(verh. Rebein)<\/td>\n<td class=\"cell\" align=\"left\" valign=\"top\">&nbsp;<\/td>\n<td class=\"cell\" align=\"left\" valign=\"top\">&nbsp;<\/td>\n<td class=\"cell\" align=\"left\" valign=\"top\">&nbsp;<\/td>\n<\/tr>\n<tr bgcolor=\"#ffffff\">\n<td class=\"cell\" align=\"left\" valign=\"top\">Frankenbach, Judith<\/td>\n<td class=\"cell\" align=\"left\" valign=\"top\">&nbsp;<\/td>\n<td class=\"cell\" align=\"left\" valign=\"top\">&nbsp;<\/td>\n<td class=\"cell\" align=\"left\" valign=\"top\">&nbsp;<\/td>\n<\/tr>\n<tr bgcolor=\"#c2cce0\">\n<td class=\"cell\" align=\"left\" valign=\"top\">Fr\u00fcnd, Brigitte<br \/>\n(verh. Koch)<\/td>\n<td class=\"cell\" align=\"left\" valign=\"top\">keine aktuelle eMail Adresse<\/td>\n<td class=\"cell\" align=\"left\" valign=\"top\">&nbsp;<\/td>\n<td class=\"cell\" align=\"left\" valign=\"top\">&nbsp;<\/td>\n<\/tr>\n<tr bgcolor=\"#ffffff\">\n<td class=\"cell\" align=\"left\" valign=\"top\">Gerressen, Gudio<\/td>\n<td class=\"cell\" align=\"left\" valign=\"top\">&nbsp;<\/td>\n<td class=\"cell\" align=\"left\" valign=\"top\">&nbsp;<\/td>\n<td class=\"cell\" align=\"left\" valign=\"top\">&nbsp;<\/td>\n<\/tr>\n<tr bgcolor=\"#c2cce0\">\n<td class=\"cell\" align=\"left\" valign=\"top\">Gronau, Monika<\/td>\n<td class=\"cell\" align=\"left\" valign=\"top\">&nbsp;<\/td>\n<td class=\"cell\" align=\"left\" valign=\"top\">&nbsp;<\/td>\n<td class=\"cell\" align=\"left\" valign=\"top\">&nbsp;<\/td>\n<\/tr>\n<tr bgcolor=\"#ffffff\">\n<td class=\"cell\" align=\"left\" valign=\"top\">G\u00fcnther, Mike<\/td>\n<td class=\"cell\" align=\"left\" valign=\"top\">&nbsp;<\/td>\n<td class=\"cell\" align=\"left\" valign=\"top\">&nbsp;<\/td>\n<td class=\"cell\" align=\"left\" valign=\"top\">&nbsp;<\/td>\n<\/tr>\n<tr bgcolor=\"#c2cce0\">\n<td class=\"cell\" align=\"left\" valign=\"top\">G\u00fcnther, Petra<br \/>\n(verh. Jansen)<\/td>\n<td class=\"cell\" align=\"left\" valign=\"top\">&nbsp;<\/td>\n<td class=\"cell\" align=\"left\" valign=\"top\">&nbsp;<\/td>\n<td class=\"cell\" align=\"left\" valign=\"top\">&nbsp;<\/td>\n<\/tr>\n<tr bgcolor=\"#ffffff\">\n<td class=\"cell\" align=\"left\" valign=\"top\">Hahn, Ilva<br \/>\n(verh. Leckebusch)<\/td>\n<td class=\"cell\" align=\"left\" valign=\"top\">kein Interesse<\/td>\n<td class=\"cell\" align=\"left\" valign=\"top\">&nbsp;<\/td>\n<td class=\"cell\" align=\"left\" valign=\"top\">&nbsp;<\/td>\n<\/tr>\n<tr bgcolor=\"#c2cce0\">\n<td class=\"cell\" align=\"left\" valign=\"top\">Hansen, Claudia<\/td>\n<td class=\"cell\" align=\"left\" valign=\"top\">&nbsp;<\/td>\n<td class=\"cell\" align=\"left\" valign=\"top\">&nbsp;<\/td>\n<td class=\"cell\" align=\"left\" valign=\"top\">&nbsp;<\/td>\n<\/tr>\n<tr bgcolor=\"#ffffff\">\n<td class=\"cell\" align=\"left\" valign=\"top\">Herring, Georg<\/td>\n<td class=\"cell\" align=\"left\" valign=\"top\">keine aktuelle eMail Adresse<\/td>\n<td class=\"cell\" align=\"left\" valign=\"top\">&nbsp;<\/td>\n<td class=\"cell\" align=\"left\" valign=\"top\">&nbsp;<\/td>\n<\/tr>\n<tr bgcolor=\"#c2cce0\">\n<td class=\"cell\" align=\"left\" valign=\"top\">Juch, Andreas<\/td>\n<td class=\"cell\" align=\"left\" valign=\"top\">&nbsp;<\/td>\n<td class=\"cell\" align=\"left\" valign=\"top\">&nbsp;<\/td>\n<td class=\"cell\" align=\"left\" valign=\"top\">&nbsp;<\/td>\n<\/tr>\n<tr bgcolor=\"#ffffff\">\n<td class=\"cell\" align=\"left\" valign=\"top\">Kigilcim, (Zafer) Baybars<\/td>\n<td class=\"cell\" align=\"left\" valign=\"top\">&nbsp;<\/td>\n<td class=\"cell\" align=\"left\" valign=\"top\">&nbsp;<\/td>\n<td class=\"cell\" align=\"left\" valign=\"top\">&nbsp;<\/td>\n<\/tr>\n<tr bgcolor=\"#c2cce0\">\n<td class=\"cell\" align=\"left\" valign=\"top\">Kimmel, Sabine<br \/>\n(verh. Kerschgens)<\/td>\n<td class=\"cell\" align=\"left\" valign=\"top\">verstorben<\/td>\n<td class=\"cell\" align=\"left\" valign=\"top\">&nbsp;<\/td>\n<td class=\"cell\" align=\"left\" valign=\"top\">&nbsp;<\/td>\n<\/tr>\n<tr bgcolor=\"#ffffff\">\n<td class=\"cell\" align=\"left\" valign=\"top\">Langer, Martina<\/td>\n<td class=\"cell\" align=\"left\" valign=\"top\">&nbsp;<\/td>\n<td class=\"cell\" align=\"left\" valign=\"top\">&nbsp;<\/td>\n<td class=\"cell\" align=\"left\" valign=\"top\">&nbsp;<\/td>\n<\/tr>\n<tr bgcolor=\"#c2cce0\">\n<td class=\"cell\" align=\"left\" valign=\"top\">L\u00fcders, Angela<br \/>\n(verh. Giljkoff)<\/td>\n<td class=\"cell\" align=\"left\" valign=\"top\">&nbsp;<\/td>\n<td class=\"cell\" align=\"left\" valign=\"top\">&nbsp;<\/td>\n<td class=\"cell\" align=\"left\" valign=\"top\">&nbsp;<\/td>\n<\/tr>\n<tr bgcolor=\"#ffffff\">\n<td class=\"cell\" align=\"left\" valign=\"top\">Malovic, Thomas<\/td>\n<td class=\"cell\" align=\"left\" valign=\"top\">&nbsp;<\/td>\n<td class=\"cell\" align=\"left\" valign=\"top\">&nbsp;<\/td>\n<td class=\"cell\" align=\"left\" valign=\"top\">&nbsp;<\/td>\n<\/tr>\n<tr bgcolor=\"#c2cce0\">\n<td class=\"cell\" align=\"left\" valign=\"top\">Piegeler, Claus<\/td>\n<td class=\"cell\" align=\"left\" valign=\"top\">&nbsp;<\/td>\n<td class=\"cell\" align=\"left\" valign=\"top\">&nbsp;<\/td>\n<td class=\"cell\" align=\"left\" valign=\"top\">&nbsp;<\/td>\n<\/tr>\n<tr>\n<td>Pohlig, Nicole<\/td>\n<td>&nbsp;<\/td>\n<td>&nbsp;<\/td>\n<td>&nbsp;<\/td>\n<\/tr>\n<tr bgcolor=\"#ffffff\">\n<td class=\"cell\" align=\"left\" valign=\"top\">Rauen, Dirk<\/td>\n<td class=\"cell\" align=\"left\" valign=\"top\">&nbsp;<\/td>\n<td class=\"cell\" align=\"left\" valign=\"top\">&nbsp;<\/td>\n<td class=\"cell\" align=\"left\" valign=\"top\">&nbsp;<\/td>\n<\/tr>\n<tr bgcolor=\"#c2cce0\">\n<td class=\"cell\" align=\"left\" valign=\"top\">Sauerwald, Roland<\/td>\n<td class=\"cell\" align=\"left\" valign=\"top\">&nbsp;<\/td>\n<td class=\"cell\" align=\"left\" valign=\"top\">&nbsp;<\/td>\n<td class=\"cell\" align=\"left\" valign=\"top\">&nbsp;<\/td>\n<\/tr>\n<tr bgcolor=\"#ffffff\">\n<td class=\"cell\" align=\"left\" valign=\"top\">Schmidt, Thomas<\/td>\n<td class=\"cell\" align=\"left\" valign=\"top\">&nbsp;kein Interesse<\/td>\n<td class=\"cell\" align=\"left\" valign=\"top\">&nbsp;<\/td>\n<td class=\"cell\" align=\"left\" valign=\"top\">&nbsp;<\/td>\n<\/tr>\n<tr bgcolor=\"#c2cce0\">\n<td class=\"cell\" align=\"left\" valign=\"top\">Schulz, Anja<\/td>\n<td class=\"cell\" align=\"left\" valign=\"top\">&nbsp;<\/td>\n<td class=\"cell\" align=\"left\" valign=\"top\">&nbsp;<\/td>\n<td class=\"cell\" align=\"left\" valign=\"top\">&nbsp;<\/td>\n<\/tr>\n<tr bgcolor=\"#ffffff\">\n<td class=\"cell\" align=\"left\" valign=\"top\">Schumacher, Lutz<\/td>\n<td class=\"cell\" align=\"left\" valign=\"top\">&nbsp;<\/td>\n<td class=\"cell\" align=\"left\" valign=\"top\">&nbsp;<\/td>\n<td class=\"cell\" align=\"left\" valign=\"top\">&nbsp;<\/td>\n<\/tr>\n<tr bgcolor=\"#c2cce0\">\n<td class=\"cell\" align=\"left\" valign=\"top\">Thiesen, Simone<br \/>\n(verh. Posthum)<\/td>\n<td class=\"cell\" align=\"left\" valign=\"top\">&nbsp;<\/td>\n<td class=\"cell\" align=\"left\" valign=\"top\">&nbsp;<\/td>\n<td class=\"cell\" align=\"left\" valign=\"top\">&nbsp;<\/td>\n<\/tr>\n<tr bgcolor=\"#ffffff\">\n<td class=\"cell\" align=\"left\" valign=\"top\">Turuvekerel, Chandra<\/td>\n<td class=\"cell\" align=\"left\" valign=\"top\">&nbsp;<\/td>\n<td class=\"cell\" align=\"left\" valign=\"top\">&nbsp;<\/td>\n<td class=\"cell\" align=\"left\" valign=\"top\">&nbsp;<\/td>\n<\/tr>\n<tr bgcolor=\"#c2cce0\">\n<td class=\"cell\" align=\"left\" valign=\"top\">Vogel, Kerstin<\/td>\n<td class=\"cell\" align=\"left\" valign=\"top\">&nbsp;<\/td>\n<td class=\"cell\" align=\"left\" valign=\"top\">&nbsp;<\/td>\n<td class=\"cell\" align=\"left\" valign=\"top\">&nbsp;<\/td>\n<\/tr>\n<tr bgcolor=\"#ffffff\">\n<td class=\"cell\" align=\"left\" valign=\"top\">Wankum, Volker<\/td>\n<td class=\"cell\" align=\"left\" valign=\"top\">&nbsp;<\/td>\n<td class=\"cell\" align=\"left\" valign=\"top\">&nbsp;<\/td>\n<td class=\"cell\" align=\"left\" valign=\"top\">&nbsp;<\/td>\n<\/tr>\n<tr bgcolor=\"#c2cce0\">\n<td class=\"cell\" align=\"left\" valign=\"top\">Werdin, Ulrich<\/td>\n<td class=\"cell\" align=\"left\" valign=\"top\">&nbsp;<\/td>\n<td class=\"cell\" align=\"left\" valign=\"top\">&nbsp;<\/td>\n<td class=\"cell\" align=\"left\" valign=\"top\">&nbsp;<\/td>\n<\/tr>\n<\/tbody>\n<\/table>\n<p><span style=\"color: #ffffff;\">Adler, Steffen, Bender, Marc, Busch, Jutta, Butz, Natalie (verh. Thurn), Cibis, Christoph, Dirks, Anke (verh. Rehbein), Frankenbach, Judith, Fr\u00fcnd, Brigitte (verh. Koch), Gerressen, Gudio, Gronau, Monika, G\u00fcnther, Mike, G\u00fcnther, Petra (verh. Jansen), Hahn, Ilva (verh. Leckebusch)<\/span><br \/>\n<span style=\"color: #ffffff;\">Hansen, Claudia, Herring, Georg, Juch, Andreas, Kigilcim, Zafer, Langer, Martina, L\u00fcders, Angela (verh. Giljkoff), Malovic, Thomas, Piegeler, Claus, Pohlig, Nicole, Rauen, Dirk, Sauerwald, Roland, Schulz, Anja, Schumacher, Lutz, Thiesen, Simone (verh. Posthum), Turuvekerel, Chandra, Vogel, Kerstin, Wankum, Volker, Werdin, Ulrich<\/span><\/p>\n","protected":false},"excerpt":{"rendered":"<p>Name Status &nbsp; Adler, Steffen keine aktuelle eMail Adresse &nbsp; &nbsp; Bender, Marc &nbsp; &nbsp; &nbsp; Busch, Jutta (verh. G\u00f6rges) &nbsp; &nbsp; &nbsp; Butz, Natalie (verh. Thurn) &nbsp; &nbsp; &nbsp; Cibis, Christoph &nbsp; &nbsp; &nbsp; Dirks, Anke (verh. Rebein) &nbsp; &nbsp; &nbsp; Frankenbach, Judith &nbsp; &nbsp; &nbsp; Fr\u00fcnd, Brigitte (verh. Koch) keine aktuelle eMail Adresse &hellip; <a href=\"http:\/\/co85.bendernet.de\/?page_id=11\" class=\"more-link\"><span class=\"screen-reader-text\">Sch\u00fclerliste<\/span> weiterlesen<\/a><\/p>\n","protected":false},"author":1,"featured_media":0,"parent":0,"menu_order":0,"comment_status":"open","ping_status":"open","template":"","meta":{"ngg_post_thumbnail":0,"footnotes":""},"class_list":["post-11","page","type-page","status-publish","hentry"],"_links":{"self":[{"href":"http:\/\/co85.bendernet.de\/index.php?rest_route=\/wp\/v2\/pages\/11","targetHints":{"allow":["GET"]}}],"collection":[{"href":"http:\/\/co85.bendernet.de\/index.php?rest_route=\/wp\/v2\/pages"}],"about":[{"href":"http:\/\/co85.bendernet.de\/index.php?rest_route=\/wp\/v2\/types\/page"}],"author":[{"embeddable":true,"href":"http:\/\/co85.bendernet.de\/index.php?rest_route=\/wp\/v2\/users\/1"}],"replies":[{"embeddable":true,"href":"http:\/\/co85.bendernet.de\/index.php?rest_route=%2Fwp%2Fv2%2Fcomments&post=11"}],"version-history":[{"count":63,"href":"http:\/\/co85.bendernet.de\/index.php?rest_route=\/wp\/v2\/pages\/11\/revisions"}],"predecessor-version":[{"id":874,"href":"http:\/\/co85.bendernet.de\/index.php?rest_route=\/wp\/v2\/pages\/11\/revisions\/874"}],"wp:attachment":[{"href":"http:\/\/co85.bendernet.de\/index.php?rest_route=%2Fwp%2Fv2%2Fmedia&parent=11"}],"curies":[{"name":"wp","href":"https:\/\/api.w.org\/{rel}","templated":true}]}}